{"id":7294,"date":"2025-08-22T10:09:28","date_gmt":"2025-08-22T03:09:28","guid":{"rendered":"https:\/\/craftbakery.vn\/?post_type=product&#038;p=7294"},"modified":"2025-08-22T13:53:40","modified_gmt":"2025-08-22T06:53:40","slug":"banh-mousse-hawaii","status":"publish","type":"product","link":"https:\/\/craftbakery.vn\/en\/san-pham\/banh-mousse-hawaii","title":{"rendered":"B\u00e1nh mousse Hawaii"},"content":{"rendered":"<p>B\u00e1nh mousse Hawaii l\u00e0 s\u1ef1 k\u1ebft h\u1ee3p \u0111\u1ed9c \u0111\u00e1o gi\u1eefa l\u1edbp mousse m\u1ec1m m\u1ecbn, b\u00e9o nh\u1eb9 c\u00f9ng h\u01b0\u01a1ng v\u1ecb tr\u00e1i c\u00e2y nhi\u1ec7t \u0111\u1edbi nh\u01b0 d\u1ee9a, xo\u00e0i, d\u1eeba\u2026. V\u1ecb chua ng\u1ecdt t\u1ef1 nhi\u00ean h\u00f2a quy\u1ec7n v\u1edbi \u0111\u1ed9 m\u00e1t l\u1ea1nh c\u1ee7a mousse, mang \u0111\u1ebfn c\u1ea3m gi\u00e1c t\u01b0\u01a1i m\u1edbi, thanh nh\u1eb9 v\u00e0 c\u1ef1c k\u1ef3 cu\u1ed1n h\u00fat.<\/p>\n<p>Kh\u00f4ng ch\u1ec9 ngon mi\u1ec7ng, b\u00e1nh mousse Hawaii c\u00f2n c\u00f3 v\u1ebb ngo\u00e0i r\u1ef1c r\u1ee1, tr\u00e0n \u0111\u1ea7y s\u1ee9c s\u1ed1ng \u2013 ho\u00e0n h\u1ea3o cho nh\u1eefng bu\u1ed5i ti\u1ec7c sinh nh\u1eadt, k\u1ef7 ni\u1ec7m hay c\u00e1c d\u1ecbp sum h\u1ecdp b\u1ea1n b\u00e8, gia \u0111\u00ecnh.<\/p>\n","protected":false},"excerpt":{"rendered":"<p>B\u00e1nh mousse Hawaii \u2013 T\u01b0\u01a1i m\u00e1t, ng\u1ecdt ng\u00e0o, chu\u1ea9n v\u1ecb nhi\u1ec7t \u0111\u1edbi<\/p>\n","protected":false},"featured_media":7324,"comment_status":"open","ping_status":"closed","template":"","meta":[],"product_brand":[],"product_cat":[48],"product_tag":[],"class_list":{"0":"post-7294","1":"product","2":"type-product","3":"status-publish","4":"has-post-thumbnail","6":"product_cat-banh-gato-va-banh-mousse","8":"first","9":"instock","10":"shipping-taxable","11":"product-type-simple"},"_links":{"self":[{"href":"https:\/\/craftbakery.vn\/en\/wp-json\/wp\/v2\/product\/7294","targetHints":{"allow":["GET"]}}],"collection":[{"href":"https:\/\/craftbakery.vn\/en\/wp-json\/wp\/v2\/product"}],"about":[{"href":"https:\/\/craftbakery.vn\/en\/wp-json\/wp\/v2\/types\/product"}],"replies":[{"embeddable":true,"href":"https:\/\/craftbakery.vn\/en\/wp-json\/wp\/v2\/comments?post=7294"}],"wp:featuredmedia":[{"embeddable":true,"href":"https:\/\/craftbakery.vn\/en\/wp-json\/wp\/v2\/media\/7324"}],"wp:attachment":[{"href":"https:\/\/craftbakery.vn\/en\/wp-json\/wp\/v2\/media?parent=7294"}],"wp:term":[{"taxonomy":"product_brand","embeddable":true,"href":"https:\/\/craftbakery.vn\/en\/wp-json\/wp\/v2\/product_brand?post=7294"},{"taxonomy":"product_cat","embeddable":true,"href":"https:\/\/craftbakery.vn\/en\/wp-json\/wp\/v2\/product_cat?post=7294"},{"taxonomy":"product_tag","embeddable":true,"href":"https:\/\/craftbakery.vn\/en\/wp-json\/wp\/v2\/product_tag?post=7294"}],"curies":[{"name":"wp","href":"https:\/\/api.w.org\/{rel}","templated":true}]}}