{"id":7291,"date":"2025-08-22T10:08:04","date_gmt":"2025-08-22T03:08:04","guid":{"rendered":"https:\/\/craftbakery.vn\/?post_type=product&#038;p=7291"},"modified":"2025-08-22T13:53:16","modified_gmt":"2025-08-22T06:53:16","slug":"banh-mousse-chanh-leo","status":"publish","type":"product","link":"https:\/\/craftbakery.vn\/en\/san-pham\/banh-mousse-chanh-leo","title":{"rendered":"B\u00e1nh mousse Chanh leo"},"content":{"rendered":"<p>B\u00e1nh mousse chanh leo l\u00e0 s\u1ef1 h\u00f2a quy\u1ec7n ho\u00e0n h\u1ea3o gi\u1eefa l\u1edbp kem mousse m\u1ec1m m\u1ecbn, b\u00e9o nh\u1eb9 v\u00e0 v\u1ecb chua thanh \u0111\u1eb7c tr\u01b0ng c\u1ee7a chanh leo t\u01b0\u01a1i. V\u1edbi h\u01b0\u01a1ng v\u1ecb t\u01b0\u01a1i m\u1edbi, b\u00e1nh mousse chanh leo kh\u00f4ng ch\u1ec9 l\u00e0 m\u00f3n tr\u00e1ng mi\u1ec7ng tuy\u1ec7t v\u1eddi trong nh\u1eefng ng\u00e0y h\u00e8 m\u00e0 c\u00f2n l\u00e0 l\u1ef1a ch\u1ecdn tinh t\u1ebf cho ti\u1ec7c sinh nh\u1eadt, k\u1ef7 ni\u1ec7m hay c\u00e1c bu\u1ed5i g\u1eb7p g\u1ee1 b\u1ea1n b\u00e8.<\/p>\n","protected":false},"excerpt":{"rendered":"<p>\ud83c\udf70 B\u00e1nh mousse chanh leo \u2013 Ng\u1ecdt ng\u00e0o, thanh m\u00e1t, \u0111\u1ea7y tinh t\u1ebf \ud83c\udf70<\/p>\n","protected":false},"featured_media":7322,"comment_status":"open","ping_status":"closed","template":"","meta":[],"product_brand":[],"product_cat":[48],"product_tag":[],"class_list":{"0":"post-7291","1":"product","2":"type-product","3":"status-publish","4":"has-post-thumbnail","6":"product_cat-banh-gato-va-banh-mousse","8":"first","9":"instock","10":"shipping-taxable","11":"product-type-simple"},"_links":{"self":[{"href":"https:\/\/craftbakery.vn\/en\/wp-json\/wp\/v2\/product\/7291","targetHints":{"allow":["GET"]}}],"collection":[{"href":"https:\/\/craftbakery.vn\/en\/wp-json\/wp\/v2\/product"}],"about":[{"href":"https:\/\/craftbakery.vn\/en\/wp-json\/wp\/v2\/types\/product"}],"replies":[{"embeddable":true,"href":"https:\/\/craftbakery.vn\/en\/wp-json\/wp\/v2\/comments?post=7291"}],"wp:featuredmedia":[{"embeddable":true,"href":"https:\/\/craftbakery.vn\/en\/wp-json\/wp\/v2\/media\/7322"}],"wp:attachment":[{"href":"https:\/\/craftbakery.vn\/en\/wp-json\/wp\/v2\/media?parent=7291"}],"wp:term":[{"taxonomy":"product_brand","embeddable":true,"href":"https:\/\/craftbakery.vn\/en\/wp-json\/wp\/v2\/product_brand?post=7291"},{"taxonomy":"product_cat","embeddable":true,"href":"https:\/\/craftbakery.vn\/en\/wp-json\/wp\/v2\/product_cat?post=7291"},{"taxonomy":"product_tag","embeddable":true,"href":"https:\/\/craftbakery.vn\/en\/wp-json\/wp\/v2\/product_tag?post=7291"}],"curies":[{"name":"wp","href":"https:\/\/api.w.org\/{rel}","templated":true}]}}