{"id":7282,"date":"2025-08-22T10:02:26","date_gmt":"2025-08-22T03:02:26","guid":{"rendered":"https:\/\/craftbakery.vn\/?post_type=product&#038;p=7282"},"modified":"2025-08-22T13:51:44","modified_gmt":"2025-08-22T06:51:44","slug":"chocolate-matcha","status":"publish","type":"product","link":"https:\/\/craftbakery.vn\/en\/san-pham\/chocolate-matcha","title":{"rendered":"Chocolate matcha"},"content":{"rendered":"<p>Chocolate Matcha l\u00e0 s\u1ef1 k\u1ebft h\u1ee3p tinh t\u1ebf gi\u1eefa h\u01b0\u01a1ng socola b\u00e9o ng\u1eady v\u00e0 v\u1ecb tr\u00e0 xanh thanh khi\u1ebft. L\u1edbp socola m\u1ecbn m\u00e0ng tan ch\u1ea3y ngay \u0111\u1ea7u l\u01b0\u1ee1i, \u0111\u1ec3 l\u1ea1i d\u01b0 v\u1ecb ng\u1ecdt d\u1ecbu xen l\u1eabn ch\u00fat \u0111\u1eafng nh\u1eb9, th\u01a1m m\u00e1t \u0111\u1eb7c tr\u01b0ng c\u1ee7a matcha.<\/p>\n","protected":false},"excerpt":{"rendered":"<p>Chocolate Matcha \u2013 H\u00f2a quy\u1ec7n ng\u1ecdt ng\u00e0o v\u00e0 thanh m\u00e1t<\/p>\n","protected":false},"featured_media":7334,"comment_status":"open","ping_status":"closed","template":"","meta":[],"product_brand":[],"product_cat":[33],"product_tag":[],"class_list":{"0":"post-7282","1":"product","2":"type-product","3":"status-publish","4":"has-post-thumbnail","6":"product_cat-banh-ngot","8":"first","9":"instock","10":"shipping-taxable","11":"product-type-simple"},"_links":{"self":[{"href":"https:\/\/craftbakery.vn\/en\/wp-json\/wp\/v2\/product\/7282","targetHints":{"allow":["GET"]}}],"collection":[{"href":"https:\/\/craftbakery.vn\/en\/wp-json\/wp\/v2\/product"}],"about":[{"href":"https:\/\/craftbakery.vn\/en\/wp-json\/wp\/v2\/types\/product"}],"replies":[{"embeddable":true,"href":"https:\/\/craftbakery.vn\/en\/wp-json\/wp\/v2\/comments?post=7282"}],"wp:featuredmedia":[{"embeddable":true,"href":"https:\/\/craftbakery.vn\/en\/wp-json\/wp\/v2\/media\/7334"}],"wp:attachment":[{"href":"https:\/\/craftbakery.vn\/en\/wp-json\/wp\/v2\/media?parent=7282"}],"wp:term":[{"taxonomy":"product_brand","embeddable":true,"href":"https:\/\/craftbakery.vn\/en\/wp-json\/wp\/v2\/product_brand?post=7282"},{"taxonomy":"product_cat","embeddable":true,"href":"https:\/\/craftbakery.vn\/en\/wp-json\/wp\/v2\/product_cat?post=7282"},{"taxonomy":"product_tag","embeddable":true,"href":"https:\/\/craftbakery.vn\/en\/wp-json\/wp\/v2\/product_tag?post=7282"}],"curies":[{"name":"wp","href":"https:\/\/api.w.org\/{rel}","templated":true}]}}