{"id":7280,"date":"2025-08-22T10:00:55","date_gmt":"2025-08-22T03:00:55","guid":{"rendered":"https:\/\/craftbakery.vn\/?post_type=product&#038;p=7280"},"modified":"2025-08-22T14:20:49","modified_gmt":"2025-08-22T07:20:49","slug":"keo-socola-cung","status":"publish","type":"product","link":"https:\/\/craftbakery.vn\/en\/san-pham\/keo-socola-cung","title":{"rendered":"K\u1eb9o socola c\u1ee9ng"},"content":{"rendered":"<p>Kh\u00e1c v\u1edbi socola m\u1ec1m tan ch\u1ea3y, k\u1eb9o socola c\u1ee9ng mang l\u1ea1i tr\u1ea3i nghi\u1ec7m nh\u00e2m nhi l\u00e2u h\u01a1n, gi\u00f2n gi\u00f2n ng\u1ecdt ng\u00e0o, c\u1ef1c th\u00edch h\u1ee3p l\u00e0m m\u00f3n \u0103n v\u1eb7t ho\u1eb7c qu\u00e0 bi\u1ebfu tinh t\u1ebf.<\/p>\n<p>M\u1ed7i vi\u00ean k\u1eb9o kh\u00f4ng ch\u1ec9 l\u00e0 m\u1ed9t m\u00f3n ng\u1ecdt, m\u00e0 c\u00f2n l\u00e0 s\u1ef1 k\u1ebft tinh c\u1ee7a v\u1ecb ngon nguy\u00ean b\u1ea3n v\u00e0 t\u00ecnh y\u00eau d\u00e0nh cho ng\u01b0\u1eddi th\u01b0\u1edfng th\u1ee9c.<\/p>\n","protected":false},"excerpt":{"rendered":"<p>\ud83c\udf6c K\u1eb9o socola c\u1ee9ng \u2013 Ng\u1ecdt ng\u00e0o, \u0111\u1eadm v\u1ecb cacao \ud83c\udf6c<\/p>\n","protected":false},"featured_media":7340,"comment_status":"open","ping_status":"closed","template":"","meta":[],"product_brand":[],"product_cat":[33],"product_tag":[],"class_list":{"0":"post-7280","1":"product","2":"type-product","3":"status-publish","4":"has-post-thumbnail","6":"product_cat-banh-ngot","8":"first","9":"instock","10":"shipping-taxable","11":"product-type-simple"},"_links":{"self":[{"href":"https:\/\/craftbakery.vn\/en\/wp-json\/wp\/v2\/product\/7280","targetHints":{"allow":["GET"]}}],"collection":[{"href":"https:\/\/craftbakery.vn\/en\/wp-json\/wp\/v2\/product"}],"about":[{"href":"https:\/\/craftbakery.vn\/en\/wp-json\/wp\/v2\/types\/product"}],"replies":[{"embeddable":true,"href":"https:\/\/craftbakery.vn\/en\/wp-json\/wp\/v2\/comments?post=7280"}],"wp:featuredmedia":[{"embeddable":true,"href":"https:\/\/craftbakery.vn\/en\/wp-json\/wp\/v2\/media\/7340"}],"wp:attachment":[{"href":"https:\/\/craftbakery.vn\/en\/wp-json\/wp\/v2\/media?parent=7280"}],"wp:term":[{"taxonomy":"product_brand","embeddable":true,"href":"https:\/\/craftbakery.vn\/en\/wp-json\/wp\/v2\/product_brand?post=7280"},{"taxonomy":"product_cat","embeddable":true,"href":"https:\/\/craftbakery.vn\/en\/wp-json\/wp\/v2\/product_cat?post=7280"},{"taxonomy":"product_tag","embeddable":true,"href":"https:\/\/craftbakery.vn\/en\/wp-json\/wp\/v2\/product_tag?post=7280"}],"curies":[{"name":"wp","href":"https:\/\/api.w.org\/{rel}","templated":true}]}}