{"id":7274,"date":"2025-08-22T09:58:29","date_gmt":"2025-08-22T02:58:29","guid":{"rendered":"https:\/\/craftbakery.vn\/?post_type=product&#038;p=7274"},"modified":"2025-08-22T14:20:27","modified_gmt":"2025-08-22T07:20:27","slug":"keo-socola-mem","status":"publish","type":"product","link":"https:\/\/craftbakery.vn\/en\/san-pham\/keo-socola-mem","title":{"rendered":"K\u1eb9o socola m\u1ec1m"},"content":{"rendered":"<p>K\u1eb9o socola m\u1ec1m l\u00e0 s\u1ef1 k\u1ebft h\u1ee3p ho\u00e0n h\u1ea3o gi\u1eefa h\u01b0\u01a1ng cacao \u0111\u1eadm \u0111\u00e0 v\u00e0 l\u1edbp nh\u00e2n d\u1ebbo m\u1ecbn. M\u1ed7i vi\u00ean k\u1eb9o nh\u1ecf xinh \u0111\u1ec1u \u0111\u01b0\u1ee3c l\u00e0m th\u1ee7 c\u00f4ng t\u1ec9 m\u1ec9, gi\u1eef tr\u1ecdn v\u1eb9n h\u01b0\u01a1ng v\u1ecb t\u1ef1 nhi\u00ean, v\u1eeba b\u00e9o ng\u1eady v\u1eeba th\u01a1m l\u1eebng, \u0111\u1ec3 l\u1ea1i d\u01b0 v\u1ecb kh\u00f3 qu\u00ean. M\u1ed9t ch\u00fat \u0111\u1eafng nh\u1eb9 h\u00f2a quy\u1ec7n c\u00f9ng v\u1ecb ng\u1ecdt d\u1ecbu \u2013 ngon mi\u1ec7ng, tinh t\u1ebf v\u00e0 \u0111\u1ea7y c\u1ea3m x\u00fac.<\/p>\n","protected":false},"excerpt":{"rendered":"<p>\ud83c\udf6b K\u1eb9o socola m\u1ec1m \u2013 Ng\u1ecdt ng\u00e0o tan ch\u1ea3y trong t\u1eebng mi\u1ebfng nh\u1ecf \ud83c\udf6b<\/p>\n","protected":false},"featured_media":7336,"comment_status":"open","ping_status":"closed","template":"","meta":[],"product_brand":[],"product_cat":[33],"product_tag":[],"class_list":{"0":"post-7274","1":"product","2":"type-product","3":"status-publish","4":"has-post-thumbnail","6":"product_cat-banh-ngot","8":"first","9":"instock","10":"shipping-taxable","11":"product-type-simple"},"_links":{"self":[{"href":"https:\/\/craftbakery.vn\/en\/wp-json\/wp\/v2\/product\/7274","targetHints":{"allow":["GET"]}}],"collection":[{"href":"https:\/\/craftbakery.vn\/en\/wp-json\/wp\/v2\/product"}],"about":[{"href":"https:\/\/craftbakery.vn\/en\/wp-json\/wp\/v2\/types\/product"}],"replies":[{"embeddable":true,"href":"https:\/\/craftbakery.vn\/en\/wp-json\/wp\/v2\/comments?post=7274"}],"wp:featuredmedia":[{"embeddable":true,"href":"https:\/\/craftbakery.vn\/en\/wp-json\/wp\/v2\/media\/7336"}],"wp:attachment":[{"href":"https:\/\/craftbakery.vn\/en\/wp-json\/wp\/v2\/media?parent=7274"}],"wp:term":[{"taxonomy":"product_brand","embeddable":true,"href":"https:\/\/craftbakery.vn\/en\/wp-json\/wp\/v2\/product_brand?post=7274"},{"taxonomy":"product_cat","embeddable":true,"href":"https:\/\/craftbakery.vn\/en\/wp-json\/wp\/v2\/product_cat?post=7274"},{"taxonomy":"product_tag","embeddable":true,"href":"https:\/\/craftbakery.vn\/en\/wp-json\/wp\/v2\/product_tag?post=7274"}],"curies":[{"name":"wp","href":"https:\/\/api.w.org\/{rel}","templated":true}]}}