{"id":7271,"date":"2025-08-22T09:57:09","date_gmt":"2025-08-22T02:57:09","guid":{"rendered":"https:\/\/craftbakery.vn\/?post_type=product&#038;p=7271"},"modified":"2025-08-22T13:49:49","modified_gmt":"2025-08-22T06:49:49","slug":"banh-luoi-meo-hanh-nhan","status":"publish","type":"product","link":"https:\/\/craftbakery.vn\/en\/san-pham\/banh-luoi-meo-hanh-nhan","title":{"rendered":"B\u00e1nh l\u01b0\u1ee1i m\u00e8o h\u1ea1nh nh\u00e2n"},"content":{"rendered":"<p>B\u00e1nh l\u01b0\u1ee1i m\u00e8o h\u1ea1nh nh\u00e2n v\u1edbi h\u00ecnh d\u00e1ng thon d\u00e0i, nh\u1ecf nh\u1eafn, \u0111\u01b0\u1ee3c n\u01b0\u1edbng v\u00e0ng nh\u1eb9, gi\u00f2n r\u1ee5m tan ngay trong mi\u1ec7ng. h\u01b0\u1edfng th\u1ee9c b\u00e1nh l\u01b0\u1ee1i m\u00e8o h\u1ea1nh nh\u00e2n c\u00f9ng m\u1ed9t t\u00e1ch tr\u00e0 ho\u1eb7c c\u00e0 ph\u00ea s\u1ebd mang l\u1ea1i c\u1ea3m gi\u00e1c th\u01b0 gi\u00e3n, ng\u1ecdt ng\u00e0o v\u00e0 c\u1ef1c k\u1ef3 \u201ccu\u1ed1n\u201d. \u0110\u00e2y c\u0169ng l\u00e0 l\u1ef1a ch\u1ecdn tuy\u1ec7t v\u1eddi \u0111\u1ec3 l\u00e0m qu\u00e0 t\u1eb7ng nh\u1ecf xinh, \u0111\u1ea7y tinh t\u1ebf.<\/p>\n","protected":false},"excerpt":{"rendered":"<p>B\u00e1nh l\u01b0\u1ee1i m\u00e8o h\u1ea1nh nh\u00e2n \u2013 Nh\u1ecf xinh, gi\u00f2n tan, th\u01a1m b\u00f9<\/p>\n","protected":false},"featured_media":7318,"comment_status":"open","ping_status":"closed","template":"","meta":[],"product_brand":[],"product_cat":[33],"product_tag":[],"class_list":{"0":"post-7271","1":"product","2":"type-product","3":"status-publish","4":"has-post-thumbnail","6":"product_cat-banh-ngot","8":"first","9":"instock","10":"shipping-taxable","11":"product-type-simple"},"_links":{"self":[{"href":"https:\/\/craftbakery.vn\/en\/wp-json\/wp\/v2\/product\/7271","targetHints":{"allow":["GET"]}}],"collection":[{"href":"https:\/\/craftbakery.vn\/en\/wp-json\/wp\/v2\/product"}],"about":[{"href":"https:\/\/craftbakery.vn\/en\/wp-json\/wp\/v2\/types\/product"}],"replies":[{"embeddable":true,"href":"https:\/\/craftbakery.vn\/en\/wp-json\/wp\/v2\/comments?post=7271"}],"wp:featuredmedia":[{"embeddable":true,"href":"https:\/\/craftbakery.vn\/en\/wp-json\/wp\/v2\/media\/7318"}],"wp:attachment":[{"href":"https:\/\/craftbakery.vn\/en\/wp-json\/wp\/v2\/media?parent=7271"}],"wp:term":[{"taxonomy":"product_brand","embeddable":true,"href":"https:\/\/craftbakery.vn\/en\/wp-json\/wp\/v2\/product_brand?post=7271"},{"taxonomy":"product_cat","embeddable":true,"href":"https:\/\/craftbakery.vn\/en\/wp-json\/wp\/v2\/product_cat?post=7271"},{"taxonomy":"product_tag","embeddable":true,"href":"https:\/\/craftbakery.vn\/en\/wp-json\/wp\/v2\/product_tag?post=7271"}],"curies":[{"name":"wp","href":"https:\/\/api.w.org\/{rel}","templated":true}]}}