{"id":7268,"date":"2025-08-22T09:55:46","date_gmt":"2025-08-22T02:55:46","guid":{"rendered":"https:\/\/craftbakery.vn\/?post_type=product&#038;p=7268"},"modified":"2025-08-22T13:49:23","modified_gmt":"2025-08-22T06:49:23","slug":"banh-quy-hanh-nhan","status":"publish","type":"product","link":"https:\/\/craftbakery.vn\/en\/san-pham\/banh-quy-hanh-nhan","title":{"rendered":"B\u00e1nh quy h\u1ea1nh nh\u00e2n"},"content":{"rendered":"<p>B\u00e1nh quy h\u1ea1nh nh\u00e2n \u0111\u01b0\u1ee3c n\u01b0\u1edbng v\u00e0ng gi\u00f2n t\u1eeb b\u1ed9t m\u00ec, b\u01a1 s\u1eefa th\u01a1m l\u1eebng v\u00e0 nh\u1eefng l\u00e1t h\u1ea1nh nh\u00e2n rang gi\u00f2n. Khi c\u1eafn v\u00e0o, b\u1ea1n s\u1ebd c\u1ea3m nh\u1eadn ngay v\u1ecb gi\u00f2n tan h\u00f2a quy\u1ec7n c\u00f9ng h\u01b0\u01a1ng b\u00f9i b\u00e9o \u0111\u1eb7c tr\u01b0ng c\u1ee7a h\u1ea1nh nh\u00e2n, v\u1eeba ngon mi\u1ec7ng v\u1eeba b\u1ed5 d\u01b0\u1ee1ng.<\/p>\n","protected":false},"excerpt":{"rendered":"<p>\ud83c\udf6a B\u00e1nh quy h\u1ea1nh nh\u00e2n \u2013 Gi\u00f2n th\u01a1m, b\u00f9i b\u00e9o t\u1ef1 nhi\u00ean \ud83c\udf6a<\/p>\n","protected":false},"featured_media":7328,"comment_status":"open","ping_status":"closed","template":"","meta":[],"product_brand":[],"product_cat":[33],"product_tag":[],"class_list":{"0":"post-7268","1":"product","2":"type-product","3":"status-publish","4":"has-post-thumbnail","6":"product_cat-banh-ngot","8":"first","9":"instock","10":"shipping-taxable","11":"product-type-simple"},"_links":{"self":[{"href":"https:\/\/craftbakery.vn\/en\/wp-json\/wp\/v2\/product\/7268","targetHints":{"allow":["GET"]}}],"collection":[{"href":"https:\/\/craftbakery.vn\/en\/wp-json\/wp\/v2\/product"}],"about":[{"href":"https:\/\/craftbakery.vn\/en\/wp-json\/wp\/v2\/types\/product"}],"replies":[{"embeddable":true,"href":"https:\/\/craftbakery.vn\/en\/wp-json\/wp\/v2\/comments?post=7268"}],"wp:featuredmedia":[{"embeddable":true,"href":"https:\/\/craftbakery.vn\/en\/wp-json\/wp\/v2\/media\/7328"}],"wp:attachment":[{"href":"https:\/\/craftbakery.vn\/en\/wp-json\/wp\/v2\/media?parent=7268"}],"wp:term":[{"taxonomy":"product_brand","embeddable":true,"href":"https:\/\/craftbakery.vn\/en\/wp-json\/wp\/v2\/product_brand?post=7268"},{"taxonomy":"product_cat","embeddable":true,"href":"https:\/\/craftbakery.vn\/en\/wp-json\/wp\/v2\/product_cat?post=7268"},{"taxonomy":"product_tag","embeddable":true,"href":"https:\/\/craftbakery.vn\/en\/wp-json\/wp\/v2\/product_tag?post=7268"}],"curies":[{"name":"wp","href":"https:\/\/api.w.org\/{rel}","templated":true}]}}