{"id":7265,"date":"2025-08-22T09:52:35","date_gmt":"2025-08-22T02:52:35","guid":{"rendered":"https:\/\/craftbakery.vn\/?post_type=product&#038;p=7265"},"modified":"2025-08-22T13:48:48","modified_gmt":"2025-08-22T06:48:48","slug":"banh-que-hanh-nhan","status":"publish","type":"product","link":"https:\/\/craftbakery.vn\/en\/san-pham\/banh-que-hanh-nhan","title":{"rendered":"B\u00e1nh qu\u1ebf h\u1ea1nh nh\u00e2n"},"content":{"rendered":"<p>B\u00e1nh qu\u1ebf h\u1ea1nh nh\u00e2n \u0111\u01b0\u1ee3c l\u00e0m t\u1eeb b\u1ed9t m\u00ec th\u01a1m, b\u01a1 s\u1eefa b\u00e9o ng\u1eady, n\u01b0\u1edbng gi\u00f2n r\u1ee5m k\u1ebft h\u1ee3p c\u00f9ng h\u1ea1nh nh\u00e2n rang v\u00e0ng. Ngay khi c\u1eafn m\u1ed9t mi\u1ebfng, b\u1ea1n s\u1ebd c\u1ea3m nh\u1eadn \u0111\u01b0\u1ee3c v\u1ecb gi\u00f2n tan h\u00f2a quy\u1ec7n c\u00f9ng h\u01b0\u01a1ng b\u00f9i ng\u1eady \u0111\u1eb7c tr\u01b0ng c\u1ee7a h\u1ea1nh nh\u00e2n, t\u1ea1o n\u00ean tr\u1ea3i nghi\u1ec7m v\u1eeba l\u1ea1 v\u1eeba quen.<\/p>\n","protected":false},"excerpt":{"rendered":"<p>B\u00e1nh qu\u1ebf h\u1ea1nh nh\u00e2n \u2013 Gi\u00f2n tan kh\u00f3 qu\u00ean<\/p>\n","protected":false},"featured_media":7326,"comment_status":"open","ping_status":"closed","template":"","meta":[],"product_brand":[],"product_cat":[33],"product_tag":[],"class_list":{"0":"post-7265","1":"product","2":"type-product","3":"status-publish","4":"has-post-thumbnail","6":"product_cat-banh-ngot","8":"first","9":"instock","10":"shipping-taxable","11":"product-type-simple"},"_links":{"self":[{"href":"https:\/\/craftbakery.vn\/en\/wp-json\/wp\/v2\/product\/7265","targetHints":{"allow":["GET"]}}],"collection":[{"href":"https:\/\/craftbakery.vn\/en\/wp-json\/wp\/v2\/product"}],"about":[{"href":"https:\/\/craftbakery.vn\/en\/wp-json\/wp\/v2\/types\/product"}],"replies":[{"embeddable":true,"href":"https:\/\/craftbakery.vn\/en\/wp-json\/wp\/v2\/comments?post=7265"}],"wp:featuredmedia":[{"embeddable":true,"href":"https:\/\/craftbakery.vn\/en\/wp-json\/wp\/v2\/media\/7326"}],"wp:attachment":[{"href":"https:\/\/craftbakery.vn\/en\/wp-json\/wp\/v2\/media?parent=7265"}],"wp:term":[{"taxonomy":"product_brand","embeddable":true,"href":"https:\/\/craftbakery.vn\/en\/wp-json\/wp\/v2\/product_brand?post=7265"},{"taxonomy":"product_cat","embeddable":true,"href":"https:\/\/craftbakery.vn\/en\/wp-json\/wp\/v2\/product_cat?post=7265"},{"taxonomy":"product_tag","embeddable":true,"href":"https:\/\/craftbakery.vn\/en\/wp-json\/wp\/v2\/product_tag?post=7265"}],"curies":[{"name":"wp","href":"https:\/\/api.w.org\/{rel}","templated":true}]}}