{"id":7260,"date":"2025-08-22T09:51:41","date_gmt":"2025-08-22T02:51:41","guid":{"rendered":"https:\/\/craftbakery.vn\/?post_type=product&#038;p=7260"},"modified":"2025-08-22T13:48:03","modified_gmt":"2025-08-22T06:48:03","slug":"banh-sung-bo","status":"publish","type":"product","link":"https:\/\/craftbakery.vn\/en\/san-pham\/banh-sung-bo","title":{"rendered":"B\u00e1nh s\u1eebng b\u00f2"},"content":{"rendered":"<p>B\u00e1nh s\u1eebng b\u00f2 v\u1edbi l\u1edbp v\u1ecf v\u00e0ng \u00f3ng, gi\u00f2n nh\u1eb9, th\u01a1m b\u01a1 \u0111\u1eb7c tr\u01b0ng, b\u00ean trong l\u1ea1i m\u1ec1m x\u1ed1p, t\u01a1i t\u1eebng l\u1edbp. T\u1eebng chi\u1ebfc b\u00e1nh \u0111\u01b0\u1ee3c c\u00e1n b\u1ed9t th\u1ee7 c\u00f4ng nhi\u1ec1u l\u1ea7n, t\u1ea1o n\u00ean nh\u1eefng l\u1edbp b\u1ed9t m\u1ecfng m\u1ecbn, khi n\u01b0\u1edbng l\u00ean t\u1ecfa h\u01b0\u01a1ng th\u01a1m quy\u1ebfn r\u0169 kh\u00f3 c\u01b0\u1ee1ng.<\/p>\n","protected":false},"excerpt":{"rendered":"<p>\ud83e\udd50 B\u00e1nh s\u1eebng b\u00f2 \u2013 H\u01b0\u01a1ng v\u1ecb Ch\u00e2u \u00c2u ngay trong l\u00f2ng b\u00e0n tay \ud83e\udd50<\/p>\n","protected":false},"featured_media":7332,"comment_status":"open","ping_status":"closed","template":"","meta":[],"product_brand":[],"product_cat":[33],"product_tag":[],"class_list":{"0":"post-7260","1":"product","2":"type-product","3":"status-publish","4":"has-post-thumbnail","6":"product_cat-banh-ngot","8":"first","9":"instock","10":"shipping-taxable","11":"product-type-simple"},"_links":{"self":[{"href":"https:\/\/craftbakery.vn\/en\/wp-json\/wp\/v2\/product\/7260","targetHints":{"allow":["GET"]}}],"collection":[{"href":"https:\/\/craftbakery.vn\/en\/wp-json\/wp\/v2\/product"}],"about":[{"href":"https:\/\/craftbakery.vn\/en\/wp-json\/wp\/v2\/types\/product"}],"replies":[{"embeddable":true,"href":"https:\/\/craftbakery.vn\/en\/wp-json\/wp\/v2\/comments?post=7260"}],"wp:featuredmedia":[{"embeddable":true,"href":"https:\/\/craftbakery.vn\/en\/wp-json\/wp\/v2\/media\/7332"}],"wp:attachment":[{"href":"https:\/\/craftbakery.vn\/en\/wp-json\/wp\/v2\/media?parent=7260"}],"wp:term":[{"taxonomy":"product_brand","embeddable":true,"href":"https:\/\/craftbakery.vn\/en\/wp-json\/wp\/v2\/product_brand?post=7260"},{"taxonomy":"product_cat","embeddable":true,"href":"https:\/\/craftbakery.vn\/en\/wp-json\/wp\/v2\/product_cat?post=7260"},{"taxonomy":"product_tag","embeddable":true,"href":"https:\/\/craftbakery.vn\/en\/wp-json\/wp\/v2\/product_tag?post=7260"}],"curies":[{"name":"wp","href":"https:\/\/api.w.org\/{rel}","templated":true}]}}