{"id":7251,"date":"2025-08-22T09:49:33","date_gmt":"2025-08-22T02:49:33","guid":{"rendered":"https:\/\/craftbakery.vn\/?post_type=product&#038;p=7251"},"modified":"2025-08-22T13:47:04","modified_gmt":"2025-08-22T06:47:04","slug":"banh-su-kem","status":"publish","type":"product","link":"https:\/\/craftbakery.vn\/en\/san-pham\/banh-su-kem","title":{"rendered":"B\u00e1nh su kem"},"content":{"rendered":"<p>B\u00e1nh su kem v\u1edbi l\u1edbp v\u1ecf v\u00e0ng nh\u1eb9, m\u1ec1m m\u1ecbn, khi c\u1eafn v\u00e0o s\u1ebd c\u1ea3m nh\u1eadn ngay nh\u00e2n kem b\u00e9o ng\u1eady, m\u00e1t l\u1ea1nh v\u00e0 ng\u1ecdt d\u1ecbu tan ch\u1ea3y trong mi\u1ec7ng. Kh\u00f4ng qu\u00e1 ng\u1ecdt, kh\u00f4ng ng\u1ea5y, b\u00e1nh su kem th\u00edch h\u1ee3p l\u00e0m m\u00f3n tr\u00e1ng mi\u1ec7ng, \u0103n v\u1eb7t ho\u1eb7c \u0111\u00e3i ti\u1ec7c nh\u1eb9 nh\u00e0ng. \u0110\u00e2y c\u0169ng l\u00e0 l\u1ef1a ch\u1ecdn tuy\u1ec7t v\u1eddi \u0111\u1ec3 l\u00e0m qu\u00e0 t\u1eb7ng ng\u1ecdt ng\u00e0o cho ng\u01b0\u1eddi th\u00e2n, b\u1ea1n b\u00e8.<\/p>\n","protected":false},"excerpt":{"rendered":"<p>B\u00e1nh su kem \u2013 Ng\u1ecdt ng\u00e0o tan ngay \u0111\u1ea7u l\u01b0\u1ee1i<\/p>\n","protected":false},"featured_media":7330,"comment_status":"open","ping_status":"closed","template":"","meta":[],"product_brand":[],"product_cat":[33],"product_tag":[],"class_list":{"0":"post-7251","1":"product","2":"type-product","3":"status-publish","4":"has-post-thumbnail","6":"product_cat-banh-ngot","8":"first","9":"instock","10":"shipping-taxable","11":"product-type-simple"},"_links":{"self":[{"href":"https:\/\/craftbakery.vn\/en\/wp-json\/wp\/v2\/product\/7251","targetHints":{"allow":["GET"]}}],"collection":[{"href":"https:\/\/craftbakery.vn\/en\/wp-json\/wp\/v2\/product"}],"about":[{"href":"https:\/\/craftbakery.vn\/en\/wp-json\/wp\/v2\/types\/product"}],"replies":[{"embeddable":true,"href":"https:\/\/craftbakery.vn\/en\/wp-json\/wp\/v2\/comments?post=7251"}],"wp:featuredmedia":[{"embeddable":true,"href":"https:\/\/craftbakery.vn\/en\/wp-json\/wp\/v2\/media\/7330"}],"wp:attachment":[{"href":"https:\/\/craftbakery.vn\/en\/wp-json\/wp\/v2\/media?parent=7251"}],"wp:term":[{"taxonomy":"product_brand","embeddable":true,"href":"https:\/\/craftbakery.vn\/en\/wp-json\/wp\/v2\/product_brand?post=7251"},{"taxonomy":"product_cat","embeddable":true,"href":"https:\/\/craftbakery.vn\/en\/wp-json\/wp\/v2\/product_cat?post=7251"},{"taxonomy":"product_tag","embeddable":true,"href":"https:\/\/craftbakery.vn\/en\/wp-json\/wp\/v2\/product_tag?post=7251"}],"curies":[{"name":"wp","href":"https:\/\/api.w.org\/{rel}","templated":true}]}}