{"id":7248,"date":"2025-08-22T09:48:47","date_gmt":"2025-08-22T02:48:47","guid":{"rendered":"https:\/\/craftbakery.vn\/?post_type=product&#038;p=7248"},"modified":"2025-08-22T13:46:01","modified_gmt":"2025-08-22T06:46:01","slug":"banh-mi-goi","status":"publish","type":"product","link":"https:\/\/craftbakery.vn\/en\/san-pham\/banh-mi-goi","title":{"rendered":"B\u00e1nh m\u00ec g\u1ed1i"},"content":{"rendered":"<p>B\u00e1nh m\u00ec g\u1ed1i \u0111\u01b0\u1ee3c l\u00e0m t\u1eeb b\u1ed9t m\u00ec ch\u1ecdn l\u1ecdc, b\u01a1 s\u1eefa th\u01a1m b\u00e9o c\u00f9ng c\u00f4ng th\u1ee9c nh\u00e0 l\u00e0m, mang \u0111\u1ebfn t\u1eebng l\u00e1t b\u00e1nh m\u1ec1m x\u1ed1p, d\u1ebbo nh\u1eb9 v\u00e0 gi\u00e0u dinh d\u01b0\u1ee1ng.<\/p>\n","protected":false},"excerpt":{"rendered":"<p>\ud83c\udf5e B\u00e1nh m\u00ec g\u1ed1i \u2013 M\u1ec1m th\u01a1m chu\u1ea9n v\u1ecb, ti\u1ec7n l\u1ee3i m\u1ed7i ng\u00e0y \ud83c\udf5e<\/p>\n","protected":false},"featured_media":7320,"comment_status":"open","ping_status":"closed","template":"","meta":[],"product_brand":[],"product_cat":[33],"product_tag":[],"class_list":{"0":"post-7248","1":"product","2":"type-product","3":"status-publish","4":"has-post-thumbnail","6":"product_cat-banh-ngot","8":"first","9":"instock","10":"shipping-taxable","11":"product-type-simple"},"_links":{"self":[{"href":"https:\/\/craftbakery.vn\/en\/wp-json\/wp\/v2\/product\/7248","targetHints":{"allow":["GET"]}}],"collection":[{"href":"https:\/\/craftbakery.vn\/en\/wp-json\/wp\/v2\/product"}],"about":[{"href":"https:\/\/craftbakery.vn\/en\/wp-json\/wp\/v2\/types\/product"}],"replies":[{"embeddable":true,"href":"https:\/\/craftbakery.vn\/en\/wp-json\/wp\/v2\/comments?post=7248"}],"wp:featuredmedia":[{"embeddable":true,"href":"https:\/\/craftbakery.vn\/en\/wp-json\/wp\/v2\/media\/7320"}],"wp:attachment":[{"href":"https:\/\/craftbakery.vn\/en\/wp-json\/wp\/v2\/media?parent=7248"}],"wp:term":[{"taxonomy":"product_brand","embeddable":true,"href":"https:\/\/craftbakery.vn\/en\/wp-json\/wp\/v2\/product_brand?post=7248"},{"taxonomy":"product_cat","embeddable":true,"href":"https:\/\/craftbakery.vn\/en\/wp-json\/wp\/v2\/product_cat?post=7248"},{"taxonomy":"product_tag","embeddable":true,"href":"https:\/\/craftbakery.vn\/en\/wp-json\/wp\/v2\/product_tag?post=7248"}],"curies":[{"name":"wp","href":"https:\/\/api.w.org\/{rel}","templated":true}]}}